{"id":330,"date":"2024-12-29T10:49:08","date_gmt":"2024-12-29T15:49:08","guid":{"rendered":"https:\/\/groupeselect.net\/?post_type=product&#038;p=330"},"modified":"2024-12-29T14:46:35","modified_gmt":"2024-12-29T19:46:35","slug":"self-employed-subscription","status":"publish","type":"product","link":"https:\/\/groupeselect.net\/fr\/produit\/self-employed-subscription\/","title":{"rendered":"Abonnement Travailleur autonome"},"content":{"rendered":"<p>Cette carte de membre est r\u00e9serv\u00e9e aux travailleurs autonomes. Vous pouvez utiliser votre carte en tant que client et b\u00e9n\u00e9ficier des rabais\/sp\u00e9ciaux des Amis du Qu\u00e9bec offerts par d'autres travailleurs autonomes ou entreprises locales qui fournissent des services et\/ou des produits.<br \/>\n<strong>NB:<\/strong> Des r\u00e9ductions sont offertes aux d\u00e9tenteurs de cartes.<\/p>\n<p><strong>En tant que membre Travailleur autonome :<\/strong><\/p>\n<ul>\n<li>Vous aurez acc\u00e8s \u00e0 des centaines et des milliers de clients, de travailleurs autonomes et d\u2019entreprises locales partout dans la province.<\/li>\n<li>Vous b\u00e9n\u00e9ficierez de divers rabais offerts par d\u2019autres travailleurs autonomes, entreprises et commer\u00e7ants qui sont \u00e9galement membres des Amis du Qu\u00e9bec.<\/li>\n<li>Vous recevrez des SMS sur votre mobile annon\u00e7ant des \u00e9v\u00e9nements locaux, de nouvelles entreprises, des promotions sp\u00e9ciales, des spectacles et bien plus encore.<\/li>\n<li>Vous recevrez des certificats de r\u00e9duction que vous pourrez utiliser sur les articles vendus sur notre boutique en ligne.<\/li>\n<li>Vous recevrez \u00e9galement un certificat de rabais de 10$ pour un forfait d'abonnement annuel qui pourra \u00eatre utilis\u00e9 par vous ou n'importe lequel de vos contacts sur Info-Clic, le meilleur r\u00e9pertoire d'entreprises, d'\u00e9v\u00e9nements et d'offres d'emploi de la province de Qu\u00e9bec.<\/li>\n<li>Vous aurez acc\u00e8s \u00e0 des sp\u00e9ciaux afin de promouvoir votre entreprise sur Info-Clic. Une belle fa\u00e7on de faire cro\u00eetre votre entreprise plus rapidement!<\/li>\n<li>Vous b\u00e9n\u00e9ficierez \u00e9galement de diverses r\u00e9ductions et\/ou certificats pour la nouvelle place de march\u00e9 transactionnelle qui sera bient\u00f4t disponible.<\/li>\n<\/ul>\n<p>&nbsp;<\/p>\n<p><strong>Infos suppl\u00e9mentaires :<\/strong><\/p>\n<p><em>Au moment du paiement :<\/em><\/p>\n<ul>\n<li>L'adresse est pour vous envoyer votre carte de membre et pour savoir de quel secteur vous habitez afin que nous puissions vous envoyer des notifications appropri\u00e9es des entreprises amies de votre r\u00e9gion.<\/li>\n<li>Le num\u00e9ro de t\u00e9l\u00e9phone nous permet de vous envoyer des notifications par SMS : informations importantes, r\u00e9ductions de vos entreprises pr\u00e9f\u00e9r\u00e9es ou invitations sp\u00e9ciales. Vous \u00eates autoris\u00e9 \u00e0 accepter ou non de recevoir des notifications sur vos t\u00e9l\u00e9phones. Seuls les SMS significatifs vous seront envoy\u00e9s car chaque membre de la communaut\u00e9 est important pour nous.<\/li>\n<li>L'adresse courriel est un autre moyen de communication qui nous permet de vous joindre au cas o\u00f9 nous ne pourrions pas vous joindre par t\u00e9l\u00e9phone.<\/li>\n<li>Le Site est un outil o\u00f9 vous pourrez trouver de nombreuses informations et qui sera sans cesse am\u00e9lior\u00e9. Nous partagerons ensemble nos m\u00e9dias non subventionn\u00e9s, nos commerces locaux pr\u00e9f\u00e9r\u00e9s, des liens d\u2019entraide, des coups de c\u0153ur, des invitations VIP, des salons, des rassemblements, des lives et bien plus encore\u2026<\/li>\n<\/ul>","protected":false},"excerpt":{"rendered":"<h4>CARTE DE MEMBRE<\/h4>","protected":false},"featured_media":327,"comment_status":"open","ping_status":"closed","template":"","meta":[],"product_brand":[],"product_cat":[146],"product_tag":[],"class_list":{"0":"post-330","1":"product","2":"type-product","3":"status-publish","4":"has-post-thumbnail","6":"product_cat-membership","8":"first","9":"instock","10":"virtual","11":"sold-individually","12":"taxable","13":"purchasable","14":"product-type-job_package_subscription"},"_links":{"self":[{"href":"https:\/\/groupeselect.net\/fr\/wp-json\/wp\/v2\/product\/330","targetHints":{"allow":["GET"]}}],"collection":[{"href":"https:\/\/groupeselect.net\/fr\/wp-json\/wp\/v2\/product"}],"about":[{"href":"https:\/\/groupeselect.net\/fr\/wp-json\/wp\/v2\/types\/product"}],"replies":[{"embeddable":true,"href":"https:\/\/groupeselect.net\/fr\/wp-json\/wp\/v2\/comments?post=330"}],"wp:featuredmedia":[{"embeddable":true,"href":"https:\/\/groupeselect.net\/fr\/wp-json\/wp\/v2\/media\/327"}],"wp:attachment":[{"href":"https:\/\/groupeselect.net\/fr\/wp-json\/wp\/v2\/media?parent=330"}],"wp:term":[{"taxonomy":"product_brand","embeddable":true,"href":"https:\/\/groupeselect.net\/fr\/wp-json\/wp\/v2\/product_brand?post=330"},{"taxonomy":"product_cat","embeddable":true,"href":"https:\/\/groupeselect.net\/fr\/wp-json\/wp\/v2\/product_cat?post=330"},{"taxonomy":"product_tag","embeddable":true,"href":"https:\/\/groupeselect.net\/fr\/wp-json\/wp\/v2\/product_tag?post=330"}],"curies":[{"name":"wp","href":"https:\/\/api.w.org\/{rel}","templated":true}]}}