{"id":324,"date":"2024-12-28T21:50:14","date_gmt":"2024-12-29T02:50:14","guid":{"rendered":"https:\/\/groupeselect.net\/?post_type=product&#038;p=324"},"modified":"2024-12-28T22:02:53","modified_gmt":"2024-12-29T03:02:53","slug":"individual-subscription","status":"publish","type":"product","link":"https:\/\/groupeselect.net\/fr\/produit\/individual-subscription\/","title":{"rendered":"Abonnement Particulier"},"content":{"rendered":"<p>Cette adh\u00e9sion est destin\u00e9e aux particuliers\/clients qui b\u00e9n\u00e9ficieront des rabais et des offres sp\u00e9ciales des Amis du Qu\u00e9bec offerts par les travailleurs autonomes ou les entreprises locales qui fournissent des services et\/ou des produits.<br \/>\n<strong>NB:<\/strong> Des r\u00e9ductions sont offertes aux d\u00e9tenteurs de cartes.<\/p>\n<p><strong>En tant que membre Particulier :<\/strong><\/p>\n<ul>\n<li>Vous aurez acc\u00e8s \u00e0 des centaines et des milliers d\u2019entreprises locales partout dans la province.<\/li>\n<li>Vous b\u00e9n\u00e9ficierez de divers rabais offerts par les travailleurs autonomes, les entreprises et les commer\u00e7ants qui sont \u00e9galement membres des Amis du Qu\u00e9bec.<\/li>\n<li>Vous recevrez des SMS sur votre mobile annon\u00e7ant des \u00e9v\u00e9nements locaux, de nouvelles entreprises, des promotions sp\u00e9ciales, des spectacles et bien plus encore.<\/li>\n<li>Vous recevrez des certificats de r\u00e9duction que vous pourrez utiliser sur les articles vendus sur notre boutique en ligne.<\/li>\n<li>Vous recevrez \u00e9galement un certificat de rabais de 10$ pour un Forfait d'Abonnement Annuel pouvant \u00eatre utilis\u00e9 par n'importe lequel de vos contacts sur Info-Clic, le meilleur r\u00e9pertoire d'Entreprises, \u00c9v\u00e9nements et Offres d'Emplois du Qu\u00e9bec.<\/li>\n<\/ul>\n<p>&nbsp;<\/p>\n<p><strong>Infos suppl\u00e9mentaires :<\/strong><\/p>\n<p><em>Au moment du paiement :<\/em><\/p>\n<ul>\n<li>L'adresse est pour vous envoyer votre carte de membre et pour savoir de quel secteur vous habitez afin que nous puissions vous envoyer des notifications appropri\u00e9es des entreprises amies de votre r\u00e9gion.<\/li>\n<li>Le num\u00e9ro de t\u00e9l\u00e9phone nous permet de vous envoyer des notifications par SMS : informations importantes, r\u00e9ductions de vos entreprises pr\u00e9f\u00e9r\u00e9es ou invitations sp\u00e9ciales. Vous \u00eates autoris\u00e9 \u00e0 accepter ou non de recevoir des notifications sur vos t\u00e9l\u00e9phones. Seuls les SMS significatifs vous seront envoy\u00e9s car chaque membre de la communaut\u00e9 est important pour nous.<\/li>\n<li>L'adresse courriel est un autre moyen de communication qui nous permet de vous joindre au cas o\u00f9 nous ne pourrions pas vous joindre par t\u00e9l\u00e9phone.<\/li>\n<li>Le Site est un outil o\u00f9 vous pourrez trouver de nombreuses informations et qui sera sans cesse am\u00e9lior\u00e9. Nous partagerons ensemble nos m\u00e9dias non subventionn\u00e9s, nos commerces locaux pr\u00e9f\u00e9r\u00e9s, des liens d\u2019entraide, des coups de c\u0153ur, des invitations VIP, des salons, des rassemblements, des lives et bien plus encore\u2026<\/li>\n<\/ul>","protected":false},"excerpt":{"rendered":"<h4><strong><span style=\"color: #ff0000;\">\u00c0 VIE<br \/>\n<\/span><\/strong><span style=\"color: #000000;\">CARTE DE MEMBRE<\/span><\/h4>","protected":false},"featured_media":326,"comment_status":"closed","ping_status":"closed","template":"","meta":[],"product_brand":[],"product_cat":[146],"product_tag":[],"class_list":{"0":"post-324","1":"product","2":"type-product","3":"status-publish","4":"has-post-thumbnail","6":"product_cat-membership","8":"first","9":"instock","10":"virtual","11":"taxable","12":"purchasable","13":"product-type-simple"},"_links":{"self":[{"href":"https:\/\/groupeselect.net\/fr\/wp-json\/wp\/v2\/product\/324","targetHints":{"allow":["GET"]}}],"collection":[{"href":"https:\/\/groupeselect.net\/fr\/wp-json\/wp\/v2\/product"}],"about":[{"href":"https:\/\/groupeselect.net\/fr\/wp-json\/wp\/v2\/types\/product"}],"replies":[{"embeddable":true,"href":"https:\/\/groupeselect.net\/fr\/wp-json\/wp\/v2\/comments?post=324"}],"wp:featuredmedia":[{"embeddable":true,"href":"https:\/\/groupeselect.net\/fr\/wp-json\/wp\/v2\/media\/326"}],"wp:attachment":[{"href":"https:\/\/groupeselect.net\/fr\/wp-json\/wp\/v2\/media?parent=324"}],"wp:term":[{"taxonomy":"product_brand","embeddable":true,"href":"https:\/\/groupeselect.net\/fr\/wp-json\/wp\/v2\/product_brand?post=324"},{"taxonomy":"product_cat","embeddable":true,"href":"https:\/\/groupeselect.net\/fr\/wp-json\/wp\/v2\/product_cat?post=324"},{"taxonomy":"product_tag","embeddable":true,"href":"https:\/\/groupeselect.net\/fr\/wp-json\/wp\/v2\/product_tag?post=324"}],"curies":[{"name":"wp","href":"https:\/\/api.w.org\/{rel}","templated":true}]}}