{"id":1272,"date":"2025-01-08T18:32:15","date_gmt":"2025-01-08T23:32:15","guid":{"rendered":"https:\/\/groupeselect.net\/fr\/produit\/mug-with-color-inside-2\/"},"modified":"2025-01-08T19:22:03","modified_gmt":"2025-01-09T00:22:03","slug":"mug-with-color-inside-2","status":"publish","type":"product","link":"https:\/\/groupeselect.net\/fr\/produit\/mug-with-color-inside-2\/","title":{"rendered":"Tasse avec de la couleur \u00e0 l'int\u00e9rieur"},"content":{"rendered":"<p>Ajoutez une touche de couleur \u00e0 votre rituel caf\u00e9 ou th\u00e9 du matin\u00a0! Ces mugs en c\u00e9ramique arborent non seulement un joli motif, mais aussi un bord, une anse et un int\u00e9rieur color\u00e9s, pour un effet vivifiant sur votre collection de mugs.<\/p>\n<p>\u2022 C\u00e9ramique<br \/>\n\u2022 Dimensions de la tasse de 11 oz : 3,79\u2033 (9,6 cm) de hauteur, 3,25\u2033 (8,3 cm) de diam\u00e8tre<br \/>\n\u2022 Mat\u00e9riau sans plomb ni BPA<br \/>\n\u2022 Bord, int\u00e9rieur et poign\u00e9e color\u00e9s<br \/>\n\u2022 Compatible lave-vaisselle et micro-ondes<\/p>\n<p>Ce produit est fabriqu\u00e9 sp\u00e9cialement pour vous d\u00e8s votre commande\u00a0; sa livraison est donc un peu plus longue. Produire \u00e0 la demande plut\u00f4t qu'en gros permet de r\u00e9duire la surproduction. Merci donc de prendre des d\u00e9cisions d'achat r\u00e9fl\u00e9chies\u00a0!<\/p>","protected":false},"excerpt":{"rendered":"<p>Add a splash of color to your morning coffee or tea ritual! These ceramic mugs not only have a beautiful design on them, but also a colorful rim, handle, and inside, so the mug is bound to spice up your mug rack. \u2022 Ceramic \u2022 11 oz mug dimensions: 3.79\u2033 (9.6 cm) in height, 3.25\u2033 [&hellip;]<\/p>\n","protected":false},"featured_media":1277,"comment_status":"open","ping_status":"closed","template":"","meta":[],"product_brand":[],"product_cat":[562],"product_tag":[],"class_list":{"0":"post-1272","1":"product","2":"type-product","3":"status-publish","4":"has-post-thumbnail","6":"product_cat-cups","8":"first","9":"instock","10":"taxable","11":"shipping-taxable","12":"purchasable","13":"product-type-variable"},"_links":{"self":[{"href":"https:\/\/groupeselect.net\/fr\/wp-json\/wp\/v2\/product\/1272","targetHints":{"allow":["GET"]}}],"collection":[{"href":"https:\/\/groupeselect.net\/fr\/wp-json\/wp\/v2\/product"}],"about":[{"href":"https:\/\/groupeselect.net\/fr\/wp-json\/wp\/v2\/types\/product"}],"replies":[{"embeddable":true,"href":"https:\/\/groupeselect.net\/fr\/wp-json\/wp\/v2\/comments?post=1272"}],"wp:featuredmedia":[{"embeddable":true,"href":"https:\/\/groupeselect.net\/fr\/wp-json\/wp\/v2\/media\/1277"}],"wp:attachment":[{"href":"https:\/\/groupeselect.net\/fr\/wp-json\/wp\/v2\/media?parent=1272"}],"wp:term":[{"taxonomy":"product_brand","embeddable":true,"href":"https:\/\/groupeselect.net\/fr\/wp-json\/wp\/v2\/product_brand?post=1272"},{"taxonomy":"product_cat","embeddable":true,"href":"https:\/\/groupeselect.net\/fr\/wp-json\/wp\/v2\/product_cat?post=1272"},{"taxonomy":"product_tag","embeddable":true,"href":"https:\/\/groupeselect.net\/fr\/wp-json\/wp\/v2\/product_tag?post=1272"}],"curies":[{"name":"wp","href":"https:\/\/api.w.org\/{rel}","templated":true}]}}