{"id":1257,"date":"2025-01-08T18:29:08","date_gmt":"2025-01-08T23:29:08","guid":{"rendered":"https:\/\/groupeselect.net\/fr\/produit\/sticker-sheet\/"},"modified":"2025-01-08T18:29:15","modified_gmt":"2025-01-08T23:29:15","slug":"sticker-sheet","status":"publish","type":"product","link":"https:\/\/groupeselect.net\/fr\/produit\/sticker-sheet\/","title":{"rendered":"Feuille d'autocollants"},"content":{"rendered":"<p>Ces autocollants brillants sont con\u00e7us sp\u00e9cialement pour vous. Donnez \u00e0 vos objets pr\u00e9f\u00e9r\u00e9s, comme un bloc-notes, un ordinateur portable ou une coque de t\u00e9l\u00e9phone, un \u00e9clat suppl\u00e9mentaire et une touche personnelle. <\/p>\n<p>\u2022 Type de film : MPI 3000 Gloss HOP (UE), PVC monom\u00e8re promotionnel (\u00c9tats-Unis)<br \/>\n\u2022 Bordure autocollante blanche de 0,12\u2033 (0,3 cm) <br \/>\n\u2022 Finition brillante<br \/>\n\u2022 Application rapide et facile<br \/>\n\u2022 Durabilit\u00e9 de 2 \u00e0 3 ans<br \/>\n\u2022 Utilisation en int\u00e9rieur<\/p>\n<p>N'oubliez pas de nettoyer la surface avant d'appliquer les autocollants.<\/p>","protected":false},"excerpt":{"rendered":"<p>These glossy stickers are designed just for you. Give your favorite items, like a notepad, laptop, or phone case an extra glow and personal touch. \u2022 Film type: MPI 3000 Gloss HOP (EU), Promotional Monomeric PVC (US) \u2022 0.12\u2033 (0.3 cm) white sticker border \u2022 Glossy finish \u2022 Fast and easy application \u2022 2\u20133 year [&hellip;]<\/p>\n","protected":false},"featured_media":1258,"comment_status":"open","ping_status":"closed","template":"","meta":[],"product_brand":[],"product_cat":[542],"product_tag":[],"class_list":{"0":"post-1257","1":"product","2":"type-product","3":"status-publish","4":"has-post-thumbnail","6":"product_cat-other","8":"first","9":"instock","10":"taxable","11":"shipping-taxable","12":"purchasable","13":"product-type-simple"},"_links":{"self":[{"href":"https:\/\/groupeselect.net\/fr\/wp-json\/wp\/v2\/product\/1257","targetHints":{"allow":["GET"]}}],"collection":[{"href":"https:\/\/groupeselect.net\/fr\/wp-json\/wp\/v2\/product"}],"about":[{"href":"https:\/\/groupeselect.net\/fr\/wp-json\/wp\/v2\/types\/product"}],"replies":[{"embeddable":true,"href":"https:\/\/groupeselect.net\/fr\/wp-json\/wp\/v2\/comments?post=1257"}],"wp:featuredmedia":[{"embeddable":true,"href":"https:\/\/groupeselect.net\/fr\/wp-json\/wp\/v2\/media\/1258"}],"wp:attachment":[{"href":"https:\/\/groupeselect.net\/fr\/wp-json\/wp\/v2\/media?parent=1257"}],"wp:term":[{"taxonomy":"product_brand","embeddable":true,"href":"https:\/\/groupeselect.net\/fr\/wp-json\/wp\/v2\/product_brand?post=1257"},{"taxonomy":"product_cat","embeddable":true,"href":"https:\/\/groupeselect.net\/fr\/wp-json\/wp\/v2\/product_cat?post=1257"},{"taxonomy":"product_tag","embeddable":true,"href":"https:\/\/groupeselect.net\/fr\/wp-json\/wp\/v2\/product_tag?post=1257"}],"curies":[{"name":"wp","href":"https:\/\/api.w.org\/{rel}","templated":true}]}}