{"id":1243,"date":"2025-01-08T18:25:15","date_gmt":"2025-01-08T23:25:15","guid":{"rendered":"https:\/\/groupeselect.net\/fr\/produit\/capri-leggings\/"},"modified":"2025-01-08T18:25:49","modified_gmt":"2025-01-08T23:25:49","slug":"capri-leggings","status":"publish","type":"product","link":"https:\/\/groupeselect.net\/fr\/produit\/capri-leggings\/","title":{"rendered":"Leggings Capri"},"content":{"rendered":"<p>Legging capri super doux et confortable. <\/p>\n<p>\u2022 82% polyester, 18% spandex<br \/>\n\u2022 6,78 oz\/yd\u00b2 (230 g\/m\u00b2) (le poids peut varier de 5 %)<br \/>\n\u2022 38\u201340 UPF<br \/>\n\u2022 Le mat\u00e9riau est extensible dans les quatre sens, ce qui signifie que le tissu s'\u00e9tire et r\u00e9cup\u00e8re sa forme dans le sens des fibres transversales et longitudinales<br \/>\n\u2022 Fabriqu\u00e9 avec un fil en microfibre lisse et confortable<br \/>\n\u2022 Precision-cut and hand-sewn after printing<\/p>\n<p>Ce produit est fabriqu\u00e9 sp\u00e9cialement pour vous d\u00e8s votre commande\u00a0; sa livraison est donc un peu plus longue. Produire \u00e0 la demande plut\u00f4t qu'en gros permet de r\u00e9duire la surproduction. Merci donc de prendre des d\u00e9cisions d'achat r\u00e9fl\u00e9chies\u00a0!<\/p>","protected":false},"excerpt":{"rendered":"<p>Super soft and comfortable capri leggings. \u2022 82% polyester, 18% spandex \u2022 6.78 oz\/yd\u00b2 (230 g\/m\u00b2) (weight may vary by 5%) \u2022 38\u201340 UPF \u2022 Material has a four-way stretch, which means fabric stretches and recovers on the cross and lengthwise grains \u2022 Made with a smooth, comfortable microfiber yarn \u2022 Precision-cut and hand-sewn after [&hellip;]<\/p>\n","protected":false},"featured_media":1251,"comment_status":"open","ping_status":"closed","template":"","meta":[],"product_brand":[],"product_cat":[541],"product_tag":[],"class_list":{"0":"post-1243","1":"product","2":"type-product","3":"status-publish","4":"has-post-thumbnail","6":"product_cat-clothing","8":"first","9":"instock","10":"taxable","11":"shipping-taxable","12":"purchasable","13":"product-type-variable"},"_links":{"self":[{"href":"https:\/\/groupeselect.net\/fr\/wp-json\/wp\/v2\/product\/1243","targetHints":{"allow":["GET"]}}],"collection":[{"href":"https:\/\/groupeselect.net\/fr\/wp-json\/wp\/v2\/product"}],"about":[{"href":"https:\/\/groupeselect.net\/fr\/wp-json\/wp\/v2\/types\/product"}],"replies":[{"embeddable":true,"href":"https:\/\/groupeselect.net\/fr\/wp-json\/wp\/v2\/comments?post=1243"}],"wp:featuredmedia":[{"embeddable":true,"href":"https:\/\/groupeselect.net\/fr\/wp-json\/wp\/v2\/media\/1251"}],"wp:attachment":[{"href":"https:\/\/groupeselect.net\/fr\/wp-json\/wp\/v2\/media?parent=1243"}],"wp:term":[{"taxonomy":"product_brand","embeddable":true,"href":"https:\/\/groupeselect.net\/fr\/wp-json\/wp\/v2\/product_brand?post=1243"},{"taxonomy":"product_cat","embeddable":true,"href":"https:\/\/groupeselect.net\/fr\/wp-json\/wp\/v2\/product_cat?post=1243"},{"taxonomy":"product_tag","embeddable":true,"href":"https:\/\/groupeselect.net\/fr\/wp-json\/wp\/v2\/product_tag?post=1243"}],"curies":[{"name":"wp","href":"https:\/\/api.w.org\/{rel}","templated":true}]}}