{"id":1241,"date":"2025-01-08T18:25:10","date_gmt":"2025-01-08T23:25:10","guid":{"rendered":"https:\/\/groupeselect.net\/fr\/produit\/white-glossy-mug\/"},"modified":"2025-01-08T19:22:22","modified_gmt":"2025-01-09T00:22:22","slug":"white-glossy-mug","status":"publish","type":"product","link":"https:\/\/groupeselect.net\/fr\/produit\/white-glossy-mug\/","title":{"rendered":"Tasse blanche brillante"},"content":{"rendered":"<p>Que vous buviez votre caf\u00e9 du matin, votre th\u00e9 du soir ou un autre moment de d\u00e9tente, ce mug est fait pour vous\u00a0! Robuste et brillant, il arbore un imprim\u00e9 \u00e9clatant qui r\u00e9sistera au micro-ondes et au lave-vaisselle.<\/p>\n<p>\u2022 C\u00e9ramique<br \/>\n\u2022 Dimensions de la tasse de 11 oz : 3,8\u2033 (9,6 cm) de hauteur, 3,2\u2033 (8,2 cm) de diam\u00e8tre<br \/>\n\u2022 Mat\u00e9riau sans plomb ni BPA<br \/>\n\u2022 Compatible lave-vaisselle et micro-ondes<\/p>\n<p>Ce produit est fabriqu\u00e9 sp\u00e9cialement pour vous d\u00e8s votre commande\u00a0; sa livraison est donc un peu plus longue. Produire \u00e0 la demande plut\u00f4t qu'en gros permet de r\u00e9duire la surproduction. Merci donc de prendre des d\u00e9cisions d'achat r\u00e9fl\u00e9chies\u00a0!<\/p>","protected":false},"excerpt":{"rendered":"<p>Whether you&#8217;re drinking your morning coffee, evening tea, or something in between\u2014this mug&#8217;s for you! It&#8217;s sturdy and glossy with a vivid print that&#8217;ll withstand the microwave and dishwasher. \u2022 Ceramic \u2022 11 oz mug dimensions: 3.8\u2033 (9.6 cm) in height, 3.2\u2033 (8.2 cm) in diameter \u2022 Lead and BPA-free material \u2022 Dishwasher and microwave [&hellip;]<\/p>\n","protected":false},"featured_media":1242,"comment_status":"open","ping_status":"closed","template":"","meta":[],"product_brand":[],"product_cat":[562],"product_tag":[],"class_list":{"0":"post-1241","1":"product","2":"type-product","3":"status-publish","4":"has-post-thumbnail","6":"product_cat-cups","8":"first","9":"instock","10":"taxable","11":"shipping-taxable","12":"purchasable","13":"product-type-simple"},"_links":{"self":[{"href":"https:\/\/groupeselect.net\/fr\/wp-json\/wp\/v2\/product\/1241","targetHints":{"allow":["GET"]}}],"collection":[{"href":"https:\/\/groupeselect.net\/fr\/wp-json\/wp\/v2\/product"}],"about":[{"href":"https:\/\/groupeselect.net\/fr\/wp-json\/wp\/v2\/types\/product"}],"replies":[{"embeddable":true,"href":"https:\/\/groupeselect.net\/fr\/wp-json\/wp\/v2\/comments?post=1241"}],"wp:featuredmedia":[{"embeddable":true,"href":"https:\/\/groupeselect.net\/fr\/wp-json\/wp\/v2\/media\/1242"}],"wp:attachment":[{"href":"https:\/\/groupeselect.net\/fr\/wp-json\/wp\/v2\/media?parent=1241"}],"wp:term":[{"taxonomy":"product_brand","embeddable":true,"href":"https:\/\/groupeselect.net\/fr\/wp-json\/wp\/v2\/product_brand?post=1241"},{"taxonomy":"product_cat","embeddable":true,"href":"https:\/\/groupeselect.net\/fr\/wp-json\/wp\/v2\/product_cat?post=1241"},{"taxonomy":"product_tag","embeddable":true,"href":"https:\/\/groupeselect.net\/fr\/wp-json\/wp\/v2\/product_tag?post=1241"}],"curies":[{"name":"wp","href":"https:\/\/api.w.org\/{rel}","templated":true}]}}