{"id":1219,"date":"2025-01-08T18:23:32","date_gmt":"2025-01-08T23:23:32","guid":{"rendered":"https:\/\/groupeselect.net\/fr\/produit\/denim-hat\/"},"modified":"2025-01-08T18:25:08","modified_gmt":"2025-01-08T23:25:08","slug":"denim-hat","status":"publish","type":"product","link":"https:\/\/groupeselect.net\/fr\/produit\/denim-hat\/","title":{"rendered":"Casquette en jean"},"content":{"rendered":"<p>Compl\u00e9tez votre garde-robe quotidienne avec cette casquette en denim teint\u00e9 pigment\u00e9\u00a0! Fabriqu\u00e9e en 100\u00a0% coton, cette casquette \u00e0 6 panneaux offre une sensation de l\u00e9g\u00e8ret\u00e9, tandis que sa sangle r\u00e9glable assure un ajustement solide et confortable.<\/p>\n<p>\u2022 100% cotton<br \/>\n\u2022 Casquette non structur\u00e9e \u00e0 6 panneaux avec un profil bas<br \/>\n\u2022 Couronne souple<br \/>\n\u2022 6 \u0153illets cousus <br \/>\n\u2022 4 rang\u00e9es de coutures visibles sur la visi\u00e8re<br \/>\n\u2022 Sangle r\u00e9glable<br \/>\n\u2022 Tour de t\u00eate : 21,65\u2033\u201325,19\u2033 (55 cm\u201364 cm)<\/p>\n<p>Ce produit est fabriqu\u00e9 sp\u00e9cialement pour vous d\u00e8s votre commande\u00a0; sa livraison est donc un peu plus longue. Produire \u00e0 la demande plut\u00f4t qu'en gros permet de r\u00e9duire la surproduction. Merci donc de prendre des d\u00e9cisions d'achat r\u00e9fl\u00e9chies\u00a0!<\/p>","protected":false},"excerpt":{"rendered":"<p>Complement your everyday wardrobe with this pigment-dyed denim hat! Made out of 100% cotton, the 6-panel cap offers a light feel, while the adjustable strap ensures a solid and comfortable fit. \u2022 100% cotton \u2022 6-panel unstructured cap with a low profile \u2022 Soft crown \u2022 6 sewn eyelets \u2022 4 rows of visible stitching [&hellip;]<\/p>\n","protected":false},"featured_media":1223,"comment_status":"open","ping_status":"closed","template":"","meta":[],"product_brand":[],"product_cat":[541],"product_tag":[],"class_list":{"0":"post-1219","1":"product","2":"type-product","3":"status-publish","4":"has-post-thumbnail","6":"product_cat-clothing","8":"first","9":"instock","10":"taxable","11":"shipping-taxable","12":"purchasable","13":"product-type-variable"},"_links":{"self":[{"href":"https:\/\/groupeselect.net\/fr\/wp-json\/wp\/v2\/product\/1219","targetHints":{"allow":["GET"]}}],"collection":[{"href":"https:\/\/groupeselect.net\/fr\/wp-json\/wp\/v2\/product"}],"about":[{"href":"https:\/\/groupeselect.net\/fr\/wp-json\/wp\/v2\/types\/product"}],"replies":[{"embeddable":true,"href":"https:\/\/groupeselect.net\/fr\/wp-json\/wp\/v2\/comments?post=1219"}],"wp:featuredmedia":[{"embeddable":true,"href":"https:\/\/groupeselect.net\/fr\/wp-json\/wp\/v2\/media\/1223"}],"wp:attachment":[{"href":"https:\/\/groupeselect.net\/fr\/wp-json\/wp\/v2\/media?parent=1219"}],"wp:term":[{"taxonomy":"product_brand","embeddable":true,"href":"https:\/\/groupeselect.net\/fr\/wp-json\/wp\/v2\/product_brand?post=1219"},{"taxonomy":"product_cat","embeddable":true,"href":"https:\/\/groupeselect.net\/fr\/wp-json\/wp\/v2\/product_cat?post=1219"},{"taxonomy":"product_tag","embeddable":true,"href":"https:\/\/groupeselect.net\/fr\/wp-json\/wp\/v2\/product_tag?post=1219"}],"curies":[{"name":"wp","href":"https:\/\/api.w.org\/{rel}","templated":true}]}}