{"id":1117,"date":"2025-01-08T18:18:40","date_gmt":"2025-01-08T23:18:40","guid":{"rendered":"https:\/\/groupeselect.net\/fr\/produit\/unisex-t-shirt\/"},"modified":"2025-01-08T19:22:40","modified_gmt":"2025-01-09T00:22:40","slug":"unisex-t-shirt","status":"publish","type":"product","link":"https:\/\/groupeselect.net\/fr\/produit\/unisex-t-shirt\/","title":{"rendered":"T-shirt unisexe"},"content":{"rendered":"<p>Ce t-shirt est tout ce dont vous avez toujours r\u00eav\u00e9, et m\u00eame plus. Doux et l\u00e9ger, il est parfaitement extensible. Confortable et flatteur, il convient \u00e0 toutes. <\/p>\n<p>\u2022 100 % coton peign\u00e9 et fil\u00e9 \u00e0 l'anneau (les couleurs chin\u00e9es contiennent du polyester)<br \/>\n\u2022 Poids du tissu : 4,2 oz\/yd\u00b2 (142 g\/m\u00b2)<br \/>\n\u2022 Tissu pr\u00e9-r\u00e9tr\u00e9ci<br \/>\n\u2022 Construction \u00e0 coutures lat\u00e9rales<br \/>\n\u2022 Taping \u00e9paule contre \u00e9paule<\/p>\n<p>Ce produit est fabriqu\u00e9 sp\u00e9cialement pour vous d\u00e8s votre commande\u00a0; sa livraison est donc un peu plus longue. Produire \u00e0 la demande plut\u00f4t qu'en gros permet de r\u00e9duire la surproduction. Merci donc de prendre des d\u00e9cisions d'achat r\u00e9fl\u00e9chies\u00a0!<\/p>","protected":false},"excerpt":{"rendered":"<p>This t-shirt is everything you&#8217;ve dreamed of and more. It feels soft and lightweight, with the right amount of stretch. It&#8217;s comfortable and flattering for all. \u2022 100% combed and ring-spun cotton (Heather colors contain polyester) \u2022 Fabric weight: 4.2 oz.\/yd.\u00b2 (142 g\/m\u00b2) \u2022 Pre-shrunk fabric \u2022 Side-seamed construction \u2022 Shoulder-to-shoulder taping This product is [&hellip;]<\/p>\n","protected":false},"featured_media":1165,"comment_status":"open","ping_status":"closed","template":"","meta":[],"product_brand":[],"product_cat":[541],"product_tag":[],"class_list":{"0":"post-1117","1":"product","2":"type-product","3":"status-publish","4":"has-post-thumbnail","6":"product_cat-clothing","8":"first","9":"instock","10":"taxable","11":"shipping-taxable","12":"purchasable","13":"product-type-variable"},"_links":{"self":[{"href":"https:\/\/groupeselect.net\/fr\/wp-json\/wp\/v2\/product\/1117","targetHints":{"allow":["GET"]}}],"collection":[{"href":"https:\/\/groupeselect.net\/fr\/wp-json\/wp\/v2\/product"}],"about":[{"href":"https:\/\/groupeselect.net\/fr\/wp-json\/wp\/v2\/types\/product"}],"replies":[{"embeddable":true,"href":"https:\/\/groupeselect.net\/fr\/wp-json\/wp\/v2\/comments?post=1117"}],"wp:featuredmedia":[{"embeddable":true,"href":"https:\/\/groupeselect.net\/fr\/wp-json\/wp\/v2\/media\/1165"}],"wp:attachment":[{"href":"https:\/\/groupeselect.net\/fr\/wp-json\/wp\/v2\/media?parent=1117"}],"wp:term":[{"taxonomy":"product_brand","embeddable":true,"href":"https:\/\/groupeselect.net\/fr\/wp-json\/wp\/v2\/product_brand?post=1117"},{"taxonomy":"product_cat","embeddable":true,"href":"https:\/\/groupeselect.net\/fr\/wp-json\/wp\/v2\/product_cat?post=1117"},{"taxonomy":"product_tag","embeddable":true,"href":"https:\/\/groupeselect.net\/fr\/wp-json\/wp\/v2\/product_tag?post=1117"}],"curies":[{"name":"wp","href":"https:\/\/api.w.org\/{rel}","templated":true}]}}