{"id":828,"date":"2025-01-02T04:35:54","date_gmt":"2025-01-02T09:35:54","guid":{"rendered":"https:\/\/groupeselect.net\/?page_id=828"},"modified":"2025-01-03T21:08:59","modified_gmt":"2025-01-04T02:08:59","slug":"terms-conditions","status":"publish","type":"page","link":"https:\/\/groupeselect.net\/fr\/terms-conditions\/","title":{"rendered":"Terms &amp; Conditions"},"content":{"rendered":"<div data-elementor-type=\"wp-page\" data-elementor-id=\"828\" class=\"elementor elementor-828\">\n\t\t\t\t<div class=\"elementor-element elementor-element-afa28d2 e-flex e-con-boxed e-con e-parent\" data-id=\"afa28d2\" data-element_type=\"container\" data-e-type=\"container\">\n\t\t\t\t\t<div class=\"e-con-inner\">\n\t\t\t\t<div class=\"elementor-element elementor-element-768aad8 elementor-widget elementor-widget-heading\" data-id=\"768aad8\" data-element_type=\"widget\" data-e-type=\"widget\" data-widget_type=\"heading.default\">\n\t\t\t\t<div class=\"elementor-widget-container\">\n\t\t\t\t\t<h2 class=\"elementor-heading-title elementor-size-default\">Termes et Conditions<\/h2>\t\t\t\t<\/div>\n\t\t\t\t<\/div>\n\t\t\t\t\t<\/div>\n\t\t\t\t<\/div>\n\t\t<div class=\"elementor-element elementor-element-2fded12 e-flex e-con-boxed e-con e-parent\" data-id=\"2fded12\" data-element_type=\"container\" data-e-type=\"container\">\n\t\t\t\t\t<div class=\"e-con-inner\">\n\t\t\t\t<div class=\"elementor-element elementor-element-16e6b05 elementor-widget elementor-widget-text-editor\" data-id=\"16e6b05\" data-element_type=\"widget\" data-e-type=\"widget\" data-widget_type=\"text-editor.default\">\n\t\t\t\t<div class=\"elementor-widget-container\">\n\t\t\t\t\t\t\t\t\t<p><strong><strong>1. Termes<\/strong><\/strong><\/p><p><strong>a.<\/strong> En acc\u00e9dant \u00e0 Groupe S\u00e9lect, vous acceptez d\u2019\u00eatre li\u00e9 par les pr\u00e9sentes conditions d\u2019utilisation du site Web, toutes les lois et tous les r\u00e8glements applicables, et acceptez d\u2019\u00eatre responsable du respect des lois locales applicables.\nSi vous n\u2019\u00eates pas d\u2019accord avec l\u2019une de ces conditions, il vous est interdit d\u2019utiliser ou d\u2019acc\u00e9der \u00e0 ce site.<\/p><p>Le contenu (textes, images, fichiers, logo, favicon, code QR, informations de toute nature et tous autres \u00e9l\u00e9ments de ce site) est prot\u00e9g\u00e9 par les lois applicables sur le droit d\u2019auteur et les marques.<\/p><p><strong>b.<\/strong> Avertissement<br \/><strong>i.<\/strong>Groupe S\u00e9lect et ses affili\u00e9s et soci\u00e9t\u00e9s m\u00e8res ne sont pas responsables de la qualit\u00e9 du travail, des paiements ou de toute autre affaire entre le Client et les Membres (Entrepreneurs, Entrepreneurs, Homme \u00e0 tout faire et tous autres travailleurs de l\u2019industrie)<\/p><p><strong>ii.<\/strong> Groupe S\u00e9lect et ses soci\u00e9t\u00e9s affili\u00e9es et soci\u00e9t\u00e9s m\u00e8res ne seront jamais impliqu\u00e9es dans aucun diff\u00e9rend entre les parties et demeure un fournisseur de services objectif qui aide les parties \u00e0 se trouver pour les services requis.<\/p><p><strong>iii.<\/strong>\u00a0Tous les probl\u00e8mes ou litiges doivent \u00eatre r\u00e9gl\u00e9s entre les Clients et les Membres (Entrepreneurs, Entrepreneurs, Handyman et tous autres travailleurs sp\u00e9cialis\u00e9s) ;<\/p><p><strong>iv.<\/strong> Groupe S\u00e9lect et ses filiales et soci\u00e9t\u00e9s m\u00e8res ne pourront \u00eatre tenues responsables de l\u2019exactitude des informations pr\u00e9sent\u00e9es sur les profils des membres (entrepreneurs, entrepreneurs, bricoleur et tous autres travailleurs de l\u2019industrie).<\/p>\t\t\t\t\t\t\t\t<\/div>\n\t\t\t\t<\/div>\n\t\t\t\t\t<\/div>\n\t\t\t\t<\/div>\n\t\t<div class=\"elementor-element elementor-element-da7ded1 e-flex e-con-boxed e-con e-parent\" data-id=\"da7ded1\" data-element_type=\"container\" data-e-type=\"container\">\n\t\t\t\t\t<div class=\"e-con-inner\">\n\t\t\t\t<div class=\"elementor-element elementor-element-9a73f62 elementor-widget elementor-widget-text-editor\" data-id=\"9a73f62\" data-element_type=\"widget\" data-e-type=\"widget\" data-widget_type=\"text-editor.default\">\n\t\t\t\t<div class=\"elementor-widget-container\">\n\t\t\t\t\t\t\t\t\t<p><strong>2. Utilisation de la licence<\/strong><\/p><p>a. La permission est accord\u00e9e de t\u00e9l\u00e9charger temporairement une copie du mat\u00e9riel sur le site Web de Groupe S\u00e9lect pour une visualisation personnelle et non commerciale uniquement.<\/p><p><strong>Vous ne pouvez pas:<\/strong><br \/><strong>i.<\/strong>\u00a0Modifier ou copier le contenu;<\/p><p><strong>ii.<\/strong> Utiliser le contenu \u00e0 des fins commerciales ou pour tout affichage public (commercial ou non commercial);<\/p><p><strong>iii.<\/strong>\u00a0Tenter de d\u00e9compiler ou de d\u00e9sosser tout logiciel contenu sur le site Web de Groupe S\u00e9lect;<\/p><p><strong>iv.<\/strong> Supprimer tout droit d\u2019auteur ou toute autre mention de propri\u00e9t\u00e9 des documents; ou<\/p><p><strong>v.<\/strong> Transf\u00e9rer les documents \u00e0 une autre personne ou \u00ab dupliquer \u00bb les documents sur un autre serveur.<\/p><p>Cette licence sera automatiquement r\u00e9sili\u00e9e si vous violez l\u2019une de ces restrictions et Groupe S\u00e9lect peut la r\u00e9silier \u00e0 tout moment \u00e0 sa discr\u00e9tion.<\/p><p>\u00c0 la fin de votre visionnage de ces documents ou \u00e0 la r\u00e9siliation de cette licence, vous devez d\u00e9truire tout mat\u00e9riel t\u00e9l\u00e9charg\u00e9 en votre possession, qu\u2019il soit sous forme \u00e9lectronique ou imprim\u00e9e.<\/p>\t\t\t\t\t\t\t\t<\/div>\n\t\t\t\t<\/div>\n\t\t\t\t\t<\/div>\n\t\t\t\t<\/div>\n\t\t<div class=\"elementor-element elementor-element-df2f39a e-flex e-con-boxed e-con e-parent\" data-id=\"df2f39a\" data-element_type=\"container\" data-e-type=\"container\">\n\t\t\t\t\t<div class=\"e-con-inner\">\n\t\t\t\t<div class=\"elementor-element elementor-element-9eddf9a elementor-widget elementor-widget-text-editor\" data-id=\"9eddf9a\" data-element_type=\"widget\" data-e-type=\"widget\" data-widget_type=\"text-editor.default\">\n\t\t\t\t<div class=\"elementor-widget-container\">\n\t\t\t\t\t\t\t\t\t<p><strong>3. Avertissement<\/strong><\/p><p>Le mat\u00e9riel sur le site Web du Groupe S\u00e9lect est fourni \u00ab tel quel \u00bb. Groupe S\u00e9lect ne donne aucune garantie expresse ou implicite, d\u00e9cline et nie par la pr\u00e9sente toutes les garanties, y compris, sans s'y limiter, les garanties ou conditions implicites de qualit\u00e9 marchande, d'ad\u00e9quation \u00e0 un usage particulier ou de non-violation de la propri\u00e9t\u00e9 intellectuelle.<\/p><p>De plus, Groupe S\u00e9lect ne garantit ni ne fait aucune d\u00e9claration concernant l\u2019exactitude, les r\u00e9sultats probables ou la fiabilit\u00e9 de l\u2019utilisation de tout mat\u00e9riel sur son site Web\/App ou autrement, li\u00e9 \u00e0 ce mat\u00e9riel ou sur des sites li\u00e9s \u00e0 ce site\/App.<\/p>\t\t\t\t\t\t\t\t<\/div>\n\t\t\t\t<\/div>\n\t\t\t\t\t<\/div>\n\t\t\t\t<\/div>\n\t\t<div class=\"elementor-element elementor-element-42050a0 e-flex e-con-boxed e-con e-parent\" data-id=\"42050a0\" data-element_type=\"container\" data-e-type=\"container\">\n\t\t\t\t\t<div class=\"e-con-inner\">\n\t\t\t\t<div class=\"elementor-element elementor-element-e93baee elementor-widget elementor-widget-text-editor\" data-id=\"e93baee\" data-element_type=\"widget\" data-e-type=\"widget\" data-widget_type=\"text-editor.default\">\n\t\t\t\t<div class=\"elementor-widget-container\">\n\t\t\t\t\t\t\t\t\t<p><strong>4. Limitations<\/strong><\/p><p>En aucun cas, Groupe S\u00e9lect ou ses fournisseurs ne pourront \u00eatre tenus responsables de tout dommage (y compris, sans s\u2019y limiter, les dommages pour perte de donn\u00e9es ou de profit, ou en raison d\u2019une interruption d\u2019activit\u00e9) r\u00e9sultant de l\u2019utilisation ou de l\u2019impossibilit\u00e9 d\u2019utiliser le contenu sur le site web, m\u00eame si Groupe S\u00e9lect ou l\u2019un de ses repr\u00e9sentants autoris\u00e9s a \u00e9t\u00e9 avis\u00e9 verbalement ou par \u00e9crit de la possibilit\u00e9 de tels dommages.<\/p><p>\u00c9tant donn\u00e9 que certaines juridictions n\u2019autorisent pas les limitations sur les garanties implicites ou les limitations de responsabilit\u00e9 pour les dommages cons\u00e9cutifs ou accessoires, ces limitations peuvent ne pas s\u2019appliquer \u00e0 vous.<\/p>\t\t\t\t\t\t\t\t<\/div>\n\t\t\t\t<\/div>\n\t\t\t\t\t<\/div>\n\t\t\t\t<\/div>\n\t\t<div class=\"elementor-element elementor-element-a08734e e-flex e-con-boxed e-con e-parent\" data-id=\"a08734e\" data-element_type=\"container\" data-e-type=\"container\">\n\t\t\t\t\t<div class=\"e-con-inner\">\n\t\t\t\t<div class=\"elementor-element elementor-element-2b8b856 elementor-widget elementor-widget-text-editor\" data-id=\"2b8b856\" data-element_type=\"widget\" data-e-type=\"widget\" data-widget_type=\"text-editor.default\">\n\t\t\t\t<div class=\"elementor-widget-container\">\n\t\t\t\t\t\t\t\t\t<p><strong>5. R\u00e9visions et errata<\/strong><\/p><p>Les documents apparaissant sur le site Groupe S\u00e9lect peuvent comporter des erreurs techniques, typographiques ou photographiques. Groupe S\u00e9lect ne garantit pas que les documents sont exacts, complets ou \u00e0 jour. Groupe S\u00e9lect peut apporter des modifications au contenu de son site en tout temps et sans pr\u00e9avis. Groupe S\u00e9lect ne s'engage pas \u00e0 mettre \u00e0 jour les documents.<\/p>\t\t\t\t\t\t\t\t<\/div>\n\t\t\t\t<\/div>\n\t\t\t\t\t<\/div>\n\t\t\t\t<\/div>\n\t\t<div class=\"elementor-element elementor-element-7f795e1 e-flex e-con-boxed e-con e-parent\" data-id=\"7f795e1\" data-element_type=\"container\" data-e-type=\"container\">\n\t\t\t\t\t<div class=\"e-con-inner\">\n\t\t\t\t<div class=\"elementor-element elementor-element-f48947a elementor-widget elementor-widget-text-editor\" data-id=\"f48947a\" data-element_type=\"widget\" data-e-type=\"widget\" data-widget_type=\"text-editor.default\">\n\t\t\t\t<div class=\"elementor-widget-container\">\n\t\t\t\t\t\t\t\t\t<p><strong>6. Liens<\/strong><\/p><p>Groupe S\u00e9lect n'a pas examin\u00e9 tous les sites Web li\u00e9s \u00e0 son site Web et n'est pas responsable du contenu de ces sites li\u00e9s. L'inclusion de tout lien n'implique pas l'approbation par Groupe S\u00e9lect du site. L'utilisation de tout site Web li\u00e9 est aux risques et p\u00e9rils de l'utilisateur.<\/p>\t\t\t\t\t\t\t\t<\/div>\n\t\t\t\t<\/div>\n\t\t\t\t\t<\/div>\n\t\t\t\t<\/div>\n\t\t<div class=\"elementor-element elementor-element-e34c8fc e-flex e-con-boxed e-con e-parent\" data-id=\"e34c8fc\" data-element_type=\"container\" data-e-type=\"container\">\n\t\t\t\t\t<div class=\"e-con-inner\">\n\t\t\t\t<div class=\"elementor-element elementor-element-97b83d0 elementor-widget elementor-widget-text-editor\" data-id=\"97b83d0\" data-element_type=\"widget\" data-e-type=\"widget\" data-widget_type=\"text-editor.default\">\n\t\t\t\t<div class=\"elementor-widget-container\">\n\t\t\t\t\t\t\t\t\t<p><strong>7. Modifications des conditions d\u2019utilisation du site<\/strong><\/p><p>Groupe S\u00e9lect peut r\u00e9viser les conditions d\u2019utilisation de son site Web en tout temps et sans pr\u00e9avis. En utilisant ce site Web, vous acceptez d\u2019\u00eatre li\u00e9 par la version alors en vigueur de ces conditions d\u2019utilisation.<\/p>\t\t\t\t\t\t\t\t<\/div>\n\t\t\t\t<\/div>\n\t\t\t\t\t<\/div>\n\t\t\t\t<\/div>\n\t\t<div class=\"elementor-element elementor-element-c88f525 e-flex e-con-boxed e-con e-parent\" data-id=\"c88f525\" data-element_type=\"container\" data-e-type=\"container\">\n\t\t\t\t\t<div class=\"e-con-inner\">\n\t\t\t\t<div class=\"elementor-element elementor-element-8c1a7e6 elementor-widget elementor-widget-text-editor\" data-id=\"8c1a7e6\" data-element_type=\"widget\" data-e-type=\"widget\" data-widget_type=\"text-editor.default\">\n\t\t\t\t<div class=\"elementor-widget-container\">\n\t\t\t\t\t\t\t\t\t<p><strong>8. Loi applicable<\/strong><\/p><p>Toute plainte relative au site Internet de Groupe S\u00e9lect sera r\u00e9gie par les lois de l\u2019\u00c9tat du Qu\u00e9bec, Canada, sans \u00e9gard \u00e0 ses dispositions relatives aux conflits de lois, conditions g\u00e9n\u00e9rales et conditions applicables \u00e0 l\u2019utilisation d\u2019un site Internet.<\/p>\t\t\t\t\t\t\t\t<\/div>\n\t\t\t\t<\/div>\n\t\t\t\t\t<\/div>\n\t\t\t\t<\/div>\n\t\t<div class=\"elementor-element elementor-element-7f9e8d9 e-flex e-con-boxed e-con e-parent\" data-id=\"7f9e8d9\" data-element_type=\"container\" data-e-type=\"container\">\n\t\t\t\t\t<div class=\"e-con-inner\">\n\t\t\t\t<div class=\"elementor-element elementor-element-c746290 elementor-widget elementor-widget-text-editor\" data-id=\"c746290\" data-element_type=\"widget\" data-e-type=\"widget\" data-widget_type=\"text-editor.default\">\n\t\t\t\t<div class=\"elementor-widget-container\">\n\t\t\t\t\t\t\t\t\t<p><strong>9. Paiements s\u00e9curis\u00e9s<\/strong><\/p><p>Groupe S\u00e9lect App., Les sites Web et les plateformes sont tous s\u00e9curis\u00e9s et utilisent la certification SSL. Les paiements de nos clients pour les abonnements sont trait\u00e9s par des tiers PayPal et Stripe qui souscrivent tous deux aux protocoles de s\u00e9curit\u00e9 les plus stricts et les plus r\u00e9cents.<\/p><p>Groupe S\u00e9lect App, les sites Web et les plateformes ne divulgueront jamais publiquement les donn\u00e9es personnelles ou sensibles des utilisateurs li\u00e9es aux activit\u00e9s financi\u00e8res ou de paiement ou aux num\u00e9ros d\u2019identification gouvernementaux.<\/p><p>Nous nous engageons \u00e0 mener nos activit\u00e9s conform\u00e9ment aux pr\u00e9sentes conditions g\u00e9n\u00e9rales afin de garantir la protection et le maintien de la confidentialit\u00e9 des informations personnelles.<\/p>\t\t\t\t\t\t\t\t<\/div>\n\t\t\t\t<\/div>\n\t\t\t\t\t<\/div>\n\t\t\t\t<\/div>\n\t\t<div class=\"elementor-element elementor-element-ec183eb e-flex e-con-boxed e-con e-parent\" data-id=\"ec183eb\" data-element_type=\"container\" data-e-type=\"container\">\n\t\t\t\t\t<div class=\"e-con-inner\">\n\t\t\t\t<div class=\"elementor-element elementor-element-a500f8c elementor-widget elementor-widget-text-editor\" data-id=\"a500f8c\" data-element_type=\"widget\" data-e-type=\"widget\" data-widget_type=\"text-editor.default\">\n\t\t\t\t<div class=\"elementor-widget-container\">\n\t\t\t\t\t\t\t\t\t<h4><strong>L\u2019\u00e9quipe de Direction<\/strong><br \/><strong>Groupe S\u00e9lect<\/strong><\/h4>\t\t\t\t\t\t\t\t<\/div>\n\t\t\t\t<\/div>\n\t\t\t\t\t<\/div>\n\t\t\t\t<\/div>\n\t\t\t\t<\/div>","protected":false},"excerpt":{"rendered":"<p>Terms and conditions 1. Terms a. By accessing Groupe S\u00e9lect, you agree to be bound by these website terms of use, all applicable laws and regulations, and agree to be responsible for compliance with applicable local laws.\u00a0If you do not agree with any of these terms, you are prohibited from using or accessing this site. [&hellip;]<\/p>\n","protected":false},"author":1,"featured_media":0,"parent":0,"menu_order":0,"comment_status":"closed","ping_status":"closed","template":"","meta":{"footnotes":""},"class_list":["post-828","page","type-page","status-publish","hentry"],"_links":{"self":[{"href":"https:\/\/groupeselect.net\/fr\/wp-json\/wp\/v2\/pages\/828","targetHints":{"allow":["GET"]}}],"collection":[{"href":"https:\/\/groupeselect.net\/fr\/wp-json\/wp\/v2\/pages"}],"about":[{"href":"https:\/\/groupeselect.net\/fr\/wp-json\/wp\/v2\/types\/page"}],"author":[{"embeddable":true,"href":"https:\/\/groupeselect.net\/fr\/wp-json\/wp\/v2\/users\/1"}],"replies":[{"embeddable":true,"href":"https:\/\/groupeselect.net\/fr\/wp-json\/wp\/v2\/comments?post=828"}],"version-history":[{"count":7,"href":"https:\/\/groupeselect.net\/fr\/wp-json\/wp\/v2\/pages\/828\/revisions"}],"predecessor-version":[{"id":904,"href":"https:\/\/groupeselect.net\/fr\/wp-json\/wp\/v2\/pages\/828\/revisions\/904"}],"wp:attachment":[{"href":"https:\/\/groupeselect.net\/fr\/wp-json\/wp\/v2\/media?parent=828"}],"curies":[{"name":"wp","href":"https:\/\/api.w.org\/{rel}","templated":true}]}}