{"id":352,"date":"2024-12-29T15:16:19","date_gmt":"2024-12-29T20:16:19","guid":{"rendered":"https:\/\/groupeselect.net\/?page_id=352"},"modified":"2026-03-08T18:22:54","modified_gmt":"2026-03-08T22:22:54","slug":"membership-packages","status":"publish","type":"page","link":"https:\/\/groupeselect.net\/fr\/membership-packages\/","title":{"rendered":"Forfaits"},"content":{"rendered":"<div data-elementor-type=\"wp-page\" data-elementor-id=\"352\" class=\"elementor elementor-352\">\n\t\t\t\t\t\t<section class=\"elementor-section elementor-top-section elementor-element elementor-element-1d2f69dd elementor-section-boxed elementor-section-height-default elementor-section-height-default\" data-id=\"1d2f69dd\" data-element_type=\"section\" data-e-type=\"section\">\n\t\t\t\t\t\t<div class=\"elementor-container elementor-column-gap-default\">\n\t\t\t\t\t<div class=\"elementor-column elementor-col-100 elementor-top-column elementor-element elementor-element-18c95822\" data-id=\"18c95822\" data-element_type=\"column\" data-e-type=\"column\">\n\t\t\t<div class=\"elementor-widget-wrap elementor-element-populated\">\n\t\t\t\t\t\t<div class=\"elementor-element elementor-element-32306324 elementor-widget elementor-widget-heading\" data-id=\"32306324\" data-element_type=\"widget\" data-e-type=\"widget\" data-widget_type=\"heading.default\">\n\t\t\t\t<div class=\"elementor-widget-container\">\n\t\t\t\t\t<h2 class=\"elementor-heading-title elementor-size-default\">Devenez membre des Amis du Qu\u00e9bec\net participez au d\u00e9veloppement des communaut\u00e9s locales !<\/h2>\t\t\t\t<\/div>\n\t\t\t\t<\/div>\n\t\t\t\t\t<\/div>\n\t\t<\/div>\n\t\t\t\t\t<\/div>\n\t\t<\/section>\n\t\t\t\t<section class=\"elementor-section elementor-top-section elementor-element elementor-element-1a21401b elementor-section-boxed elementor-section-height-default elementor-section-height-default\" data-id=\"1a21401b\" data-element_type=\"section\" data-e-type=\"section\">\n\t\t\t\t\t\t<div class=\"elementor-container elementor-column-gap-default\">\n\t\t\t\t\t<div class=\"elementor-column elementor-col-100 elementor-top-column elementor-element elementor-element-47e7ca15\" data-id=\"47e7ca15\" data-element_type=\"column\" data-e-type=\"column\">\n\t\t\t<div class=\"elementor-widget-wrap elementor-element-populated\">\n\t\t\t\t\t\t<div class=\"elementor-element elementor-element-2ec8e3bd elementor-widget elementor-widget-text-editor\" data-id=\"2ec8e3bd\" data-element_type=\"widget\" data-e-type=\"widget\" data-widget_type=\"text-editor.default\">\n\t\t\t\t<div class=\"elementor-widget-container\">\n\t\t\t\t\t\t\t\t\t<section class=\"wd-negative-gap elementor-section elementor-top-section elementor-element elementor-element-2031bf3 elementor-section-boxed elementor-section-height-default elementor-section-height-default wd-section-disabled\" data-id=\"2031bf3\" data-element_type=\"section\"><div class=\"elementor-container elementor-column-gap-default\"><div class=\"elementor-column elementor-col-100 elementor-top-column elementor-element elementor-element-2a11da2\" data-id=\"2a11da2\" data-element_type=\"column\"><div class=\"elementor-widget-wrap elementor-element-populated\"><div class=\"elementor-element elementor-element-bf7bea4 elementor-widget elementor-widget-wd_text_block\" data-id=\"bf7bea4\" data-element_type=\"widget\" data-widget_type=\"wd_text_block.default\"><div class=\"elementor-widget-container\"><div class=\"wd-text-block reset-last-child text-left\"><section class=\"wd-negative-gap elementor-section elementor-top-section elementor-element elementor-element-2031bf3 elementor-section-boxed elementor-section-height-default elementor-section-height-default wd-section-disabled\" data-id=\"2031bf3\" data-element_type=\"section\"><div class=\"elementor-container elementor-column-gap-default\"><div class=\"elementor-column elementor-col-100 elementor-top-column elementor-element elementor-element-2a11da2\" data-id=\"2a11da2\" data-element_type=\"column\"><div class=\"elementor-widget-wrap elementor-element-populated\"><div class=\"elementor-element elementor-element-bf7bea4 elementor-widget elementor-widget-wd_text_block\" data-id=\"bf7bea4\" data-element_type=\"widget\" data-widget_type=\"wd_text_block.default\"><div class=\"elementor-widget-container\"><div class=\"wd-text-block reset-last-child text-left\"><p>Depuis la nuit des temps, la soci\u00e9t\u00e9 a toujours eu besoin de pratiquer le commerce et aujourd\u2019hui, plus que jamais, nous ne pouvons \u00e9chapper \u00e0 cette r\u00e8gle !<\/p><p>D\u2019un c\u00f4t\u00e9 nous avons \u00ab Les Consommateurs \u00bb et de l\u2019autre \u00ab Les Marchands \u00bb !<\/p><p>L\u2019id\u00e9e et le concept pr\u00e9sent\u00e9s ici sont de faciliter la cr\u00e9ation de liens entre ces 2 groupes tout en stimulant l\u2019\u00e9conomie locale pour la durabilit\u00e9 et la croissance \u00e0 long terme de chacune de nos communaut\u00e9s.<\/p><\/div><\/div><\/div><\/div><\/div><\/div><\/section><\/div><\/div><\/div><\/div><\/div><\/div><\/section>\t\t\t\t\t\t\t\t<\/div>\n\t\t\t\t<\/div>\n\t\t\t\t\t<\/div>\n\t\t<\/div>\n\t\t\t\t\t<\/div>\n\t\t<\/section>\n\t\t\t\t<section class=\"elementor-section elementor-top-section elementor-element elementor-element-53a7389a elementor-section-boxed elementor-section-height-default elementor-section-height-default\" data-id=\"53a7389a\" data-element_type=\"section\" data-e-type=\"section\">\n\t\t\t\t\t\t<div class=\"elementor-container elementor-column-gap-default\">\n\t\t\t\t\t<div class=\"elementor-column elementor-col-33 elementor-top-column elementor-element elementor-element-18757b98\" data-id=\"18757b98\" data-element_type=\"column\" data-e-type=\"column\">\n\t\t\t<div class=\"elementor-widget-wrap\">\n\t\t\t\t\t\t\t<\/div>\n\t\t<\/div>\n\t\t\t\t<div class=\"elementor-column elementor-col-33 elementor-top-column elementor-element elementor-element-ded465f\" data-id=\"ded465f\" data-element_type=\"column\" data-e-type=\"column\">\n\t\t\t<div class=\"elementor-widget-wrap elementor-element-populated\">\n\t\t\t\t\t\t<div class=\"elementor-element elementor-element-2b0c0ea2 elementor-align-center elementor-widget elementor-widget-button\" data-id=\"2b0c0ea2\" data-element_type=\"widget\" data-e-type=\"widget\" data-widget_type=\"button.default\">\n\t\t\t\t<div class=\"elementor-widget-container\">\n\t\t\t\t\t\t\t\t\t<div class=\"elementor-button-wrapper\">\n\t\t\t\t\t<a class=\"elementor-button elementor-button-link elementor-size-sm\" href=\"#register\">\n\t\t\t\t\t\t<span class=\"elementor-button-content-wrapper\">\n\t\t\t\t\t\t\t\t\t<span class=\"elementor-button-text\">Inscrivez-vous maintenant !<\/span>\n\t\t\t\t\t<\/span>\n\t\t\t\t\t<\/a>\n\t\t\t\t<\/div>\n\t\t\t\t\t\t\t\t<\/div>\n\t\t\t\t<\/div>\n\t\t\t\t\t<\/div>\n\t\t<\/div>\n\t\t\t\t<div class=\"elementor-column elementor-col-33 elementor-top-column elementor-element elementor-element-1a6b25a1\" data-id=\"1a6b25a1\" data-element_type=\"column\" data-e-type=\"column\">\n\t\t\t<div class=\"elementor-widget-wrap\">\n\t\t\t\t\t\t\t<\/div>\n\t\t<\/div>\n\t\t\t\t\t<\/div>\n\t\t<\/section>\n\t\t\t\t<section class=\"elementor-section elementor-top-section elementor-element elementor-element-5ffffb6c elementor-section-boxed elementor-section-height-default elementor-section-height-default\" data-id=\"5ffffb6c\" data-element_type=\"section\" data-e-type=\"section\">\n\t\t\t\t\t\t<div class=\"elementor-container elementor-column-gap-default\">\n\t\t\t\t\t<div class=\"elementor-column elementor-col-100 elementor-top-column elementor-element elementor-element-6d067cec\" data-id=\"6d067cec\" data-element_type=\"column\" data-e-type=\"column\">\n\t\t\t<div class=\"elementor-widget-wrap elementor-element-populated\">\n\t\t\t\t\t\t<div class=\"elementor-element elementor-element-1cdf57b6 elementor-widget elementor-widget-text-editor\" data-id=\"1cdf57b6\" data-element_type=\"widget\" data-e-type=\"widget\" data-widget_type=\"text-editor.default\">\n\t\t\t\t<div class=\"elementor-widget-container\">\n\t\t\t\t\t\t\t\t\t<h3 style=\"text-align: center;\">Qu'est-ce que vous y gagnez ?<br \/>Comment pouvez-VOUS en faire partie ?<\/h3>\t\t\t\t\t\t\t\t<\/div>\n\t\t\t\t<\/div>\n\t\t\t\t\t<\/div>\n\t\t<\/div>\n\t\t\t\t\t<\/div>\n\t\t<\/section>\n\t\t\t\t<section class=\"elementor-section elementor-top-section elementor-element elementor-element-648e4fe8 elementor-section-boxed elementor-section-height-default elementor-section-height-default\" data-id=\"648e4fe8\" data-element_type=\"section\" data-e-type=\"section\">\n\t\t\t\t\t\t<div class=\"elementor-container elementor-column-gap-default\">\n\t\t\t\t\t<div class=\"elementor-column elementor-col-33 elementor-top-column elementor-element elementor-element-1c9631a4\" data-id=\"1c9631a4\" data-element_type=\"column\" data-e-type=\"column\">\n\t\t\t<div class=\"elementor-widget-wrap elementor-element-populated\">\n\t\t\t\t\t\t<div class=\"elementor-element elementor-element-184ab3ad elementor-widget elementor-widget-text-editor\" data-id=\"184ab3ad\" data-element_type=\"widget\" data-e-type=\"widget\" data-widget_type=\"text-editor.default\">\n\t\t\t\t<div class=\"elementor-widget-container\">\n\t\t\t\t\t\t\t\t\t<h4 style=\"text-align: center;\">Membres Particuliers<\/h4><ul><li>Vous aurez acc\u00e8s \u00e0 des centaines et des milliers d\u2019entreprises locales partout dans la province.<\/li><li>Vous b\u00e9n\u00e9ficierez de divers rabais offerts par les travailleurs autonomes, les entreprises et les commer\u00e7ants qui sont \u00e9galement membres des Amis du Qu\u00e9bec.<\/li><li>Vous recevrez des SMS sur votre mobile annon\u00e7ant des \u00e9v\u00e9nements locaux, de nouvelles entreprises, des promotions sp\u00e9ciales, des spectacles et bien plus encore.<\/li><li>Vous recevrez des certificats de r\u00e9duction que vous pourrez utiliser sur les articles vendus sur notre boutique en ligne.<\/li><li>Vous recevrez \u00e9galement un certificat de rabais de 10$ pour un Forfait d'Abonnement Annuel pouvant \u00eatre utilis\u00e9 par n'importe lequel de vos contacts sur Info-Clic, le meilleur r\u00e9pertoire d'Entreprises, \u00c9v\u00e9nements et Offres d'Emplois du Qu\u00e9bec.<\/li><\/ul>\t\t\t\t\t\t\t\t<\/div>\n\t\t\t\t<\/div>\n\t\t\t\t\t<\/div>\n\t\t<\/div>\n\t\t\t\t<div class=\"elementor-column elementor-col-33 elementor-top-column elementor-element elementor-element-6c8cc627\" data-id=\"6c8cc627\" data-element_type=\"column\" data-e-type=\"column\">\n\t\t\t<div class=\"elementor-widget-wrap elementor-element-populated\">\n\t\t\t\t\t\t<div class=\"elementor-element elementor-element-44453dcc elementor-widget elementor-widget-text-editor\" data-id=\"44453dcc\" data-element_type=\"widget\" data-e-type=\"widget\" data-widget_type=\"text-editor.default\">\n\t\t\t\t<div class=\"elementor-widget-container\">\n\t\t\t\t\t\t\t\t\t<h4 style=\"text-align: center;\">Membres Travailleurs autonomes<\/h4><ul><li>Vous aurez acc\u00e8s \u00e0 des centaines et des milliers de clients, de travailleurs autonomes et d\u2019entreprises locales partout dans la province.<\/li><li>Vous b\u00e9n\u00e9ficierez de divers rabais offerts par d\u2019autres travailleurs autonomes, entreprises et commer\u00e7ants qui sont \u00e9galement membres des \u00ab Amis du Qu\u00e9bec \u00bb.<\/li><li>Vous recevrez des SMS sur votre mobile annon\u00e7ant des \u00e9v\u00e9nements locaux, de nouvelles entreprises, des promotions sp\u00e9ciales, des spectacles et bien plus encore.<\/li><li>Vous recevrez des certificats de r\u00e9duction que vous pourrez utiliser sur les articles vendus sur notre boutique en ligne.<\/li><li>Vous recevrez \u00e9galement un certificat de rabais de 10$ pour un forfait d'abonnement annuel qui pourra \u00eatre utilis\u00e9 par vous ou n'importe lequel de vos contacts sur Info-Clic, le meilleur r\u00e9pertoire d'entreprises, d'\u00e9v\u00e9nements et d'offres d'emploi de la province de Qu\u00e9bec.<\/li><li>Vous aurez acc\u00e8s \u00e0 des sp\u00e9ciaux afin de promouvoir votre entreprise sur Info-Clic. Une belle fa\u00e7on de faire cro\u00eetre votre entreprise plus rapidement!<\/li><li>Vous b\u00e9n\u00e9ficierez \u00e9galement de diverses r\u00e9ductions et\/ou certificats pour la nouvelle place de march\u00e9 transactionnelle qui sera bient\u00f4t disponible.<\/li><\/ul>\t\t\t\t\t\t\t\t<\/div>\n\t\t\t\t<\/div>\n\t\t\t\t\t<\/div>\n\t\t<\/div>\n\t\t\t\t<div class=\"elementor-column elementor-col-33 elementor-top-column elementor-element elementor-element-15017759\" data-id=\"15017759\" data-element_type=\"column\" data-e-type=\"column\">\n\t\t\t<div class=\"elementor-widget-wrap elementor-element-populated\">\n\t\t\t\t\t\t<div class=\"elementor-element elementor-element-5b34b451 elementor-widget elementor-widget-text-editor\" data-id=\"5b34b451\" data-element_type=\"widget\" data-e-type=\"widget\" data-widget_type=\"text-editor.default\">\n\t\t\t\t<div class=\"elementor-widget-container\">\n\t\t\t\t\t\t\t\t\t<h4 style=\"text-align: center;\">Membres Entreprises<\/h4><ul><li>Vous aurez acc\u00e8s \u00e0 des centaines et des milliers de clients, de travailleurs autonomes et d\u2019entreprises locales partout dans la province.<\/li><li>Vous b\u00e9n\u00e9ficierez de divers rabais offerts par d\u2019autres travailleurs autonomes, entreprises et commer\u00e7ants qui sont \u00e9galement membres des \u00ab Amis du Qu\u00e9bec \u00bb.<\/li><li>Vous recevrez des SMS sur votre mobile annon\u00e7ant des \u00e9v\u00e9nements locaux, de nouvelles entreprises, des promotions sp\u00e9ciales, des spectacles et bien plus encore.<\/li><li>Vous recevrez des certificats de r\u00e9duction que vous pourrez utiliser sur les articles vendus sur notre boutique en ligne.<\/li><li>Vous recevrez \u00e9galement un certificat de rabais de 10$ pour un forfait d'abonnement annuel qui pourra \u00eatre utilis\u00e9 par vous ou n'importe lequel de vos contacts sur Info-Clic, le meilleur r\u00e9pertoire d'entreprises, d'\u00e9v\u00e9nements et d'offres d'emploi de la province de Qu\u00e9bec.<\/li><li>Vous aurez acc\u00e8s \u00e0 des sp\u00e9ciaux afin de promouvoir votre entreprise sur Info-Clic. Une belle fa\u00e7on de faire cro\u00eetre votre entreprise plus rapidement!<\/li><li>Vous b\u00e9n\u00e9ficierez \u00e9galement de diverses r\u00e9ductions et\/ou certificats pour la nouvelle place de march\u00e9 transactionnelle qui sera bient\u00f4t disponible.<\/li><\/ul>\t\t\t\t\t\t\t\t<\/div>\n\t\t\t\t<\/div>\n\t\t\t\t\t<\/div>\n\t\t<\/div>\n\t\t\t\t\t<\/div>\n\t\t<\/section>\n\t\t\t\t<section class=\"elementor-section elementor-top-section elementor-element elementor-element-7033d481 elementor-section-boxed elementor-section-height-default elementor-section-height-default\" data-id=\"7033d481\" data-element_type=\"section\" data-e-type=\"section\" id=\"register\">\n\t\t\t\t\t\t<div class=\"elementor-container elementor-column-gap-default\">\n\t\t\t\t\t<div class=\"elementor-column elementor-col-100 elementor-top-column elementor-element elementor-element-7133ab48\" data-id=\"7133ab48\" data-element_type=\"column\" data-e-type=\"column\">\n\t\t\t<div class=\"elementor-widget-wrap\">\n\t\t\t\t\t\t\t<\/div>\n\t\t<\/div>\n\t\t\t\t\t<\/div>\n\t\t<\/section>\n\t\t\t\t<section class=\"elementor-section elementor-top-section elementor-element elementor-element-ec8d3a8 elementor-section-boxed elementor-section-height-default elementor-section-height-default\" data-id=\"ec8d3a8\" data-element_type=\"section\" data-e-type=\"section\">\n\t\t\t\t\t\t<div class=\"elementor-container elementor-column-gap-default\">\n\t\t\t\t\t<div class=\"elementor-column elementor-col-100 elementor-top-column elementor-element elementor-element-3a0b5123\" data-id=\"3a0b5123\" data-element_type=\"column\" data-e-type=\"column\">\n\t\t\t<div class=\"elementor-widget-wrap elementor-element-populated\">\n\t\t\t\t\t\t<div class=\"elementor-element elementor-element-417d5653 elementor-widget elementor-widget-heading\" data-id=\"417d5653\" data-element_type=\"widget\" data-e-type=\"widget\" data-widget_type=\"heading.default\">\n\t\t\t\t<div class=\"elementor-widget-container\">\n\t\t\t\t\t<h2 class=\"elementor-heading-title elementor-size-default\">\nS\u00e9lectionnez votre formule d'adh\u00e9sion\n<\/h2>\t\t\t\t<\/div>\n\t\t\t\t<\/div>\n\t\t\t\t\t<\/div>\n\t\t<\/div>\n\t\t\t\t\t<\/div>\n\t\t<\/section>\n\t\t\t\t<section class=\"elementor-section elementor-top-section elementor-element elementor-element-110c90ec elementor-section-boxed elementor-section-height-default elementor-section-height-default\" data-id=\"110c90ec\" data-element_type=\"section\" data-e-type=\"section\">\n\t\t\t\t\t\t<div class=\"elementor-container elementor-column-gap-default\">\n\t\t\t\t\t<div class=\"elementor-column elementor-col-33 elementor-top-column elementor-element elementor-element-4593ef7a\" data-id=\"4593ef7a\" data-element_type=\"column\" data-e-type=\"column\">\n\t\t\t<div class=\"elementor-widget-wrap elementor-element-populated\">\n\t\t\t\t\t\t<div class=\"elementor-element elementor-element-d136a07 elementor-widget elementor-widget-image\" data-id=\"d136a07\" data-element_type=\"widget\" data-e-type=\"widget\" data-widget_type=\"image.default\">\n\t\t\t\t<div class=\"elementor-widget-container\">\n\t\t\t\t\t\t\t\t\t\t\t\t\t\t\t<img fetchpriority=\"high\" decoding=\"async\" width=\"300\" height=\"188\" src=\"https:\/\/groupeselect.net\/wp-content\/uploads\/2026\/03\/membre-300x188.png\" class=\"attachment-medium size-medium wp-image-1481\" alt=\"\" srcset=\"https:\/\/groupeselect.net\/wp-content\/uploads\/2026\/03\/membre-300x188.png 300w, https:\/\/groupeselect.net\/wp-content\/uploads\/2026\/03\/membre-768x482.png 768w, https:\/\/groupeselect.net\/wp-content\/uploads\/2026\/03\/membre-18x12.png 18w, https:\/\/groupeselect.net\/wp-content\/uploads\/2026\/03\/membre-600x376.png 600w, https:\/\/groupeselect.net\/wp-content\/uploads\/2026\/03\/membre.png 1016w\" sizes=\"(max-width: 300px) 100vw, 300px\" \/>\t\t\t\t\t\t\t\t\t\t\t\t\t\t\t<\/div>\n\t\t\t\t<\/div>\n\t\t\t\t<div class=\"elementor-element elementor-element-61cdd7d1 elementor-widget elementor-widget-text-editor\" data-id=\"61cdd7d1\" data-element_type=\"widget\" data-e-type=\"widget\" data-widget_type=\"text-editor.default\">\n\t\t\t\t<div class=\"elementor-widget-container\">\n\t\t\t\t\t\t\t\t\t<h4 style=\"text-align: center;\"><strong><span style=\"color: #000000;\">PARTICULIERS \u00c0 VIE<\/span><\/strong><br \/><span style=\"color: #000000;\">CARTE DE MEMBRE<\/span><br \/>Frais uniques de 50 $<\/h4>\t\t\t\t\t\t\t\t<\/div>\n\t\t\t\t<\/div>\n\t\t\t\t<div class=\"elementor-element elementor-element-1113dc31 elementor-align-center elementor-widget elementor-widget-button\" data-id=\"1113dc31\" data-element_type=\"widget\" data-e-type=\"widget\" data-widget_type=\"button.default\">\n\t\t\t\t<div class=\"elementor-widget-container\">\n\t\t\t\t\t\t\t\t\t<div class=\"elementor-button-wrapper\">\n\t\t\t\t\t<a class=\"elementor-button elementor-button-link elementor-size-sm\" href=\"\/fr\/produit\/individual-subscription\/\">\n\t\t\t\t\t\t<span class=\"elementor-button-content-wrapper\">\n\t\t\t\t\t\t\t\t\t<span class=\"elementor-button-text\">En savoir plus<\/span>\n\t\t\t\t\t<\/span>\n\t\t\t\t\t<\/a>\n\t\t\t\t<\/div>\n\t\t\t\t\t\t\t\t<\/div>\n\t\t\t\t<\/div>\n\t\t\t\t\t<\/div>\n\t\t<\/div>\n\t\t\t\t<div class=\"elementor-column elementor-col-33 elementor-top-column elementor-element elementor-element-1951fc4b\" data-id=\"1951fc4b\" data-element_type=\"column\" data-e-type=\"column\">\n\t\t\t<div class=\"elementor-widget-wrap elementor-element-populated\">\n\t\t\t\t\t\t<div class=\"elementor-element elementor-element-667ca5a0 elementor-widget elementor-widget-image\" data-id=\"667ca5a0\" data-element_type=\"widget\" data-e-type=\"widget\" data-widget_type=\"image.default\">\n\t\t\t\t<div class=\"elementor-widget-container\">\n\t\t\t\t\t\t\t\t\t\t\t\t\t\t\t<img decoding=\"async\" width=\"300\" height=\"188\" src=\"https:\/\/groupeselect.net\/wp-content\/uploads\/2026\/03\/entreprise-300x188.png\" class=\"attachment-medium size-medium wp-image-1485\" alt=\"\" srcset=\"https:\/\/groupeselect.net\/wp-content\/uploads\/2026\/03\/entreprise-300x188.png 300w, https:\/\/groupeselect.net\/wp-content\/uploads\/2026\/03\/entreprise-768x482.png 768w, https:\/\/groupeselect.net\/wp-content\/uploads\/2026\/03\/entreprise-18x12.png 18w, https:\/\/groupeselect.net\/wp-content\/uploads\/2026\/03\/entreprise-600x376.png 600w, https:\/\/groupeselect.net\/wp-content\/uploads\/2026\/03\/entreprise.png 1016w\" sizes=\"(max-width: 300px) 100vw, 300px\" \/>\t\t\t\t\t\t\t\t\t\t\t\t\t\t\t<\/div>\n\t\t\t\t<\/div>\n\t\t\t\t<div class=\"elementor-element elementor-element-38370f95 elementor-widget elementor-widget-text-editor\" data-id=\"38370f95\" data-element_type=\"widget\" data-e-type=\"widget\" data-widget_type=\"text-editor.default\">\n\t\t\t\t<div class=\"elementor-widget-container\">\n\t\t\t\t\t\t\t\t\t<h4 style=\"text-align: center;\"><span style=\"color: #000000;\"><strong>TRAVAILLEUR AUTONOME<\/strong><\/span><br>\nCARTE DE MEMBRE<\/h4>\n<h4 style=\"text-align: center;\">50\u00a0$\u00a0puis 10\u00a0$\/an<\/h4>\t\t\t\t\t\t\t\t<\/div>\n\t\t\t\t<\/div>\n\t\t\t\t<div class=\"elementor-element elementor-element-7cfc3625 elementor-align-center elementor-widget elementor-widget-button\" data-id=\"7cfc3625\" data-element_type=\"widget\" data-e-type=\"widget\" data-widget_type=\"button.default\">\n\t\t\t\t<div class=\"elementor-widget-container\">\n\t\t\t\t\t\t\t\t\t<div class=\"elementor-button-wrapper\">\n\t\t\t\t\t<a class=\"elementor-button elementor-button-link elementor-size-sm\" href=\"\/fr\/produit\/self-employed-subscription\/\">\n\t\t\t\t\t\t<span class=\"elementor-button-content-wrapper\">\n\t\t\t\t\t\t\t\t\t<span class=\"elementor-button-text\">En savoir plus<\/span>\n\t\t\t\t\t<\/span>\n\t\t\t\t\t<\/a>\n\t\t\t\t<\/div>\n\t\t\t\t\t\t\t\t<\/div>\n\t\t\t\t<\/div>\n\t\t\t\t\t<\/div>\n\t\t<\/div>\n\t\t\t\t<div class=\"elementor-column elementor-col-33 elementor-top-column elementor-element elementor-element-3e8220e6\" data-id=\"3e8220e6\" data-element_type=\"column\" data-e-type=\"column\">\n\t\t\t<div class=\"elementor-widget-wrap elementor-element-populated\">\n\t\t\t\t\t\t<div class=\"elementor-element elementor-element-4384a9ca elementor-widget elementor-widget-image\" data-id=\"4384a9ca\" data-element_type=\"widget\" data-e-type=\"widget\" data-widget_type=\"image.default\">\n\t\t\t\t<div class=\"elementor-widget-container\">\n\t\t\t\t\t\t\t\t\t\t\t\t\t\t\t<img decoding=\"async\" width=\"300\" height=\"188\" src=\"https:\/\/groupeselect.net\/wp-content\/uploads\/2026\/03\/m-entreprise-300x188.png\" class=\"attachment-medium size-medium wp-image-1486\" alt=\"\" srcset=\"https:\/\/groupeselect.net\/wp-content\/uploads\/2026\/03\/m-entreprise-300x188.png 300w, https:\/\/groupeselect.net\/wp-content\/uploads\/2026\/03\/m-entreprise-768x482.png 768w, https:\/\/groupeselect.net\/wp-content\/uploads\/2026\/03\/m-entreprise-18x12.png 18w, https:\/\/groupeselect.net\/wp-content\/uploads\/2026\/03\/m-entreprise-600x376.png 600w, https:\/\/groupeselect.net\/wp-content\/uploads\/2026\/03\/m-entreprise.png 1016w\" sizes=\"(max-width: 300px) 100vw, 300px\" \/>\t\t\t\t\t\t\t\t\t\t\t\t\t\t\t<\/div>\n\t\t\t\t<\/div>\n\t\t\t\t<div class=\"elementor-element elementor-element-1db663c elementor-widget elementor-widget-text-editor\" data-id=\"1db663c\" data-element_type=\"widget\" data-e-type=\"widget\" data-widget_type=\"text-editor.default\">\n\t\t\t\t<div class=\"elementor-widget-container\">\n\t\t\t\t\t\t\t\t\t<h4 style=\"text-align: center;\"><span style=\"color: #000000;\"><strong>PROPRI\u00c9TAIRE D'ENTREPRISE<\/strong><\/span><br \/>CARTE DE MEMBRE<\/h4><h4 style=\"text-align: center;\">100\u00a0$\u00a0puis 20\u00a0$\/an<\/h4>\t\t\t\t\t\t\t\t<\/div>\n\t\t\t\t<\/div>\n\t\t\t\t<div class=\"elementor-element elementor-element-4ea61f8 elementor-align-center elementor-widget elementor-widget-button\" data-id=\"4ea61f8\" data-element_type=\"widget\" data-e-type=\"widget\" data-widget_type=\"button.default\">\n\t\t\t\t<div class=\"elementor-widget-container\">\n\t\t\t\t\t\t\t\t\t<div class=\"elementor-button-wrapper\">\n\t\t\t\t\t<a class=\"elementor-button elementor-button-link elementor-size-sm\" href=\"\/fr\/produit\/business-owner-subscription\/\">\n\t\t\t\t\t\t<span class=\"elementor-button-content-wrapper\">\n\t\t\t\t\t\t\t\t\t<span class=\"elementor-button-text\">En savoir plus<\/span>\n\t\t\t\t\t<\/span>\n\t\t\t\t\t<\/a>\n\t\t\t\t<\/div>\n\t\t\t\t\t\t\t\t<\/div>\n\t\t\t\t<\/div>\n\t\t\t\t\t<\/div>\n\t\t<\/div>\n\t\t\t\t\t<\/div>\n\t\t<\/section>\n\t\t\t\t<section class=\"elementor-section elementor-top-section elementor-element elementor-element-87a7d51 elementor-hidden-desktop elementor-hidden-tablet elementor-hidden-mobile elementor-section-boxed elementor-section-height-default elementor-section-height-default\" data-id=\"87a7d51\" data-element_type=\"section\" data-e-type=\"section\">\n\t\t\t\t\t\t<div class=\"elementor-container elementor-column-gap-default\">\n\t\t\t\t\t<div class=\"elementor-column elementor-col-100 elementor-top-column elementor-element elementor-element-5eab1437\" data-id=\"5eab1437\" data-element_type=\"column\" data-e-type=\"column\">\n\t\t\t<div class=\"elementor-widget-wrap\">\n\t\t\t\t\t\t\t<\/div>\n\t\t<\/div>\n\t\t\t\t\t<\/div>\n\t\t<\/section>\n\t\t\t\t<\/div>","protected":false},"excerpt":{"rendered":"<p>Become a member of Les Amis du Qu\u00e9bec and participate in the development of local communities! Since the beginning of time, society has always had a need to practice trade and today, more than ever, we cannot avoid this rule! On one side we have &#8220;The Consumers&#8221; and on the other &#8220;The Merchants&#8221;! The idea [&hellip;]<\/p>\n","protected":false},"author":1,"featured_media":0,"parent":0,"menu_order":0,"comment_status":"closed","ping_status":"closed","template":"","meta":{"footnotes":""},"class_list":["post-352","page","type-page","status-publish","hentry"],"_links":{"self":[{"href":"https:\/\/groupeselect.net\/fr\/wp-json\/wp\/v2\/pages\/352","targetHints":{"allow":["GET"]}}],"collection":[{"href":"https:\/\/groupeselect.net\/fr\/wp-json\/wp\/v2\/pages"}],"about":[{"href":"https:\/\/groupeselect.net\/fr\/wp-json\/wp\/v2\/types\/page"}],"author":[{"embeddable":true,"href":"https:\/\/groupeselect.net\/fr\/wp-json\/wp\/v2\/users\/1"}],"replies":[{"embeddable":true,"href":"https:\/\/groupeselect.net\/fr\/wp-json\/wp\/v2\/comments?post=352"}],"version-history":[{"count":19,"href":"https:\/\/groupeselect.net\/fr\/wp-json\/wp\/v2\/pages\/352\/revisions"}],"predecessor-version":[{"id":1500,"href":"https:\/\/groupeselect.net\/fr\/wp-json\/wp\/v2\/pages\/352\/revisions\/1500"}],"wp:attachment":[{"href":"https:\/\/groupeselect.net\/fr\/wp-json\/wp\/v2\/media?parent=352"}],"curies":[{"name":"wp","href":"https:\/\/api.w.org\/{rel}","templated":true}]}}